{"id":2148,"date":"2015-12-20T08:53:28","date_gmt":"2015-12-20T08:53:28","guid":{"rendered":"http:\/\/parafia-murowaniec.pl\/?page_id=2148"},"modified":"2016-01-05T08:41:07","modified_gmt":"2016-01-05T08:41:07","slug":"odwiedziny-duszpasterskie-koleda-20152016","status":"publish","type":"page","link":"https:\/\/parafia-murowaniec.pl\/?page_id=2148","title":{"rendered":"Odwiedziny duszpasterskie &#8211; kol\u0119da 2015\/2016"},"content":{"rendered":"<p>[et_pb_section][et_pb_row][et_pb_column type=&#8221;2_3&#8243;][et_pb_image admin_label=&#8221;Obrazek&#8221; src=&#8221;http:\/\/parafia-murowaniec.pl\/wp-content\/uploads\/2015\/12\/Wizyta-duszpasterska-kol\u0119da-w-Pile-1-Small.jpg&#8221; show_in_lightbox=&#8221;off&#8221; url_new_window=&#8221;off&#8221; animation=&#8221;left&#8221; sticky=&#8221;off&#8221; \/][et_pb_text admin_label=&#8221;Tekst&#8221; background_layout=&#8221;light&#8221; text_orientation=&#8221;left&#8221;]<\/p>\n<p><strong>\u00a0<\/strong><\/p>\n<p><strong>PLAN ODWIEDZIN DUSZPASTERSKICH (2015\/2016)<\/strong><\/p>\n<h2>Parafia \u015aw. Rafa\u0142a Kalinowskiego w MUROWA\u0143CU<\/h2>\n<h2><\/h2>\n<table>\n<tbody>\n<tr>\n<td width=\"111\"><strong>\u00a0<\/strong><\/p>\n<p><strong>Data<\/strong><\/p>\n<p><strong>\u00a0<\/strong><\/td>\n<td width=\"132\"><strong>\u00a0<\/strong><strong>Miejscowo\u015b\u0107<\/strong><\/td>\n<td width=\"472\"><strong>\u00a0<\/strong><strong>Ulice<\/strong><\/td>\n<\/tr>\n<tr>\n<td width=\"111\">28. 12. 15.<\/p>\n<p>Poniedz.<\/td>\n<td width=\"132\">Drzewce<\/p>\n<p>&nbsp;<\/td>\n<td width=\"472\">Drzewiecka \u2013 od ul. Ogrodowej, D\u0142uga, W\u0105ska i Rowiec<\/td>\n<\/tr>\n<tr>\n<td width=\"111\">29. 12. 15.<\/p>\n<p>Wtorek<\/td>\n<td width=\"132\">Drzewce<\/td>\n<td width=\"472\">Drzewiecka (od ko\u0144ca) \u2013 do ul. Ogrodowej, Puszczyka, Dzia\u0142ki, Ogrodowa i , Altanowa<\/td>\n<\/tr>\n<tr>\n<td width=\"111\">30. 12. 15.<\/p>\n<p>\u015aroda<\/td>\n<td width=\"132\">Murowaniec<\/td>\n<td width=\"472\">Staroszkolna, Wierzbowa (od ko\u0144ca), Stokrotki i Dzia\u0142ki<\/td>\n<\/tr>\n<tr>\n<td width=\"111\">31. 12. 15.<\/p>\n<p>Czwartek<\/td>\n<td width=\"132\">Sylwester<\/td>\n<td width=\"472\">O 18.00 Msza \u015bw. na zako\u0144czenie 2015 roku.<\/td>\n<\/tr>\n<tr>\n<td width=\"111\">01. 01. 16.<\/p>\n<p>Pi\u0105tek<\/td>\n<td width=\"132\">Nowy Rok i<\/p>\n<p>I Pi\u0105tek<\/td>\n<td width=\"472\">Msze \u015bw. o 11.00; 13.00; 18.00<\/td>\n<\/tr>\n<tr>\n<td width=\"111\">02. 01. 16.<\/p>\n<p>Sobota<\/td>\n<td width=\"132\">Murowaniec<\/td>\n<td width=\"472\">Skalna, Koralowa, Per\u0142owa, Bursztynowa, Piaskowa, Rubinowa, Krzemowa i Opalowa (od ko\u0144ca)<\/td>\n<\/tr>\n<tr>\n<td width=\"111\">03. 01. 16.<\/p>\n<p>Niedziela<\/td>\n<td width=\"132\">Murowaniec<\/td>\n<td width=\"472\">Kamienna (od ko\u0144ca) Kredowa, Rajska, Diamentowa, Marmurowa, Bazaltowa<\/td>\n<\/tr>\n<tr>\n<td width=\"111\">04. 01. 16.<\/p>\n<p>Poniedz.<\/td>\n<td width=\"132\">Murowaniec<\/td>\n<td width=\"472\">Turkusowa, Topazowa, Agatowa, \u0141ochowska(od ko\u0144ca), Granitowa, Grysowa<\/td>\n<\/tr>\n<tr>\n<td width=\"111\">05. 01. 16.<\/p>\n<p>Wtorek<\/td>\n<td width=\"132\">Murowaniec<\/p>\n<p>&nbsp;<\/td>\n<td width=\"472\">Albatrosa (od ko\u0144ca), Kresowa, Kormorana, Bobrowa, S\u00f3jcza<\/td>\n<\/tr>\n<tr>\n<td width=\"111\">06. 01. 16.<\/p>\n<p>III Kr\u00f3li<\/td>\n<td width=\"132\">Murowaniec<\/p>\n<p>&nbsp;<\/td>\n<td width=\"472\">\u017burawia(od ko\u0144ca), Szkolna(od ko\u0144ca) i Cietrzewia<\/td>\n<\/tr>\n<tr>\n<td width=\"111\">07. 01. 16.<\/p>\n<p>Czwartek<\/td>\n<td width=\"132\">Murowaniec<\/p>\n<p>&nbsp;<\/td>\n<td width=\"472\">Kosa, Dropa, Strusia (od ko\u0144ca), Puchacza, Zi\u0119by i Ba\u017cancia<\/td>\n<\/tr>\n<tr>\n<td width=\"111\">08. 01. 16.<\/p>\n<p>Pi\u0105tek<\/td>\n<td width=\"132\">Murowaniec<\/p>\n<p>&nbsp;<\/td>\n<td width=\"472\">Pelikana, \u0141ab\u0119dzia, Nurzyka, Patrolowa (od ko\u0144ca), Orla, Czysta, Wjazdowa, Wyjazdowa<\/td>\n<\/tr>\n<tr>\n<td width=\"111\">09. 01. 16.<\/p>\n<p>Sobota<\/td>\n<td width=\"132\">Murowaniec<\/td>\n<td width=\"472\">Daleka (od ko\u0144ca), Ptasia(od ko\u0144ca), Kanarkowa, Drozda, Krucza, Kawki, Stepowa, Kolibra<\/td>\n<\/tr>\n<tr>\n<td width=\"111\">10. 01. 16.<\/p>\n<p>Niedziela<\/td>\n<td width=\"132\">Murowaniec<\/td>\n<td width=\"472\">Gawronia<\/td>\n<\/tr>\n<tr>\n<td width=\"111\">11. 01. 16.<\/p>\n<p>Poniedz.<\/td>\n<td width=\"132\">Murowaniec<\/td>\n<td width=\"472\">Bielika(od ko\u0144ca), Skowronka, Sowia, Go\u0142\u0119bia i Dzi\u0119cio\u0142a<\/td>\n<\/tr>\n<tr>\n<td width=\"111\">12. 01. 16.<\/p>\n<p>Wtorek<\/td>\n<td width=\"132\">Murowaniec<\/td>\n<td width=\"472\">Sokola(od ko\u0144ca), Kuku\u0142cza, Papuzia i Szmaragdowa<\/td>\n<\/tr>\n<tr>\n<td width=\"111\">13. 01. 16.<\/p>\n<p>\u015aroda<\/td>\n<td width=\"132\">Murowaniec<\/td>\n<td width=\"472\">Jastrz\u0119bia(od ko\u0144ca), Czajcza, Bociania, Spacerowa, Jask\u00f3\u0142cza, Wjazdowa, (do ul. Nad Potokiem)<\/td>\n<\/tr>\n<tr>\n<td width=\"111\">14. 01. 16.<\/p>\n<p>Czwartek<\/td>\n<td width=\"132\">Murowaniec<\/td>\n<td width=\"472\">Nad Potokiem i Jastrz\u0119bia (od ko\u0144ca)<\/td>\n<\/tr>\n<tr>\n<td width=\"111\">15. 01. 16.<\/p>\n<p>Pi\u0105tek<\/td>\n<td width=\"132\">Kruszyn<\/p>\n<p>Kraje\u0144ski<\/td>\n<td width=\"472\">Brzozowa, Wierzbowa, Klonowa, \u015awierkowa i Ogrodowa<\/td>\n<\/tr>\n<tr>\n<td width=\"111\">16. 01. 16.<\/p>\n<p>Sobota<\/td>\n<td width=\"132\">Kruszyn<\/p>\n<p>Kraje\u0144ski<\/td>\n<td width=\"472\">Kwiatowa (od ko\u0144ca), Liliowa (od ko\u0144ca)<\/td>\n<\/tr>\n<tr>\n<td width=\"111\">17. 01. 16.<\/p>\n<p>Niedziela<\/td>\n<td width=\"132\">Kruszyn<\/p>\n<p>Kraje\u0144ski<\/td>\n<td width=\"472\">Chlebowa, Ceramiczna i Storczykowa<\/p>\n<p>&nbsp;<\/td>\n<\/tr>\n<tr>\n<td width=\"111\">18. 01. 16.<\/p>\n<p>Poniedz.<\/td>\n<td width=\"132\">Kruszyn<\/p>\n<p>Kraje\u0144ski<\/td>\n<td width=\"472\">Jasna(od ko\u0144ca), Promykowa, \u0141\u0105kowa, Stepowa i Mokra<\/td>\n<\/tr>\n<tr>\n<td width=\"111\">19.01.\u00a0 16. Wtorek<\/td>\n<td width=\"132\">Kruszyn<\/p>\n<p>Kraje\u0144ski<\/td>\n<td width=\"472\">S\u0142oneczna(od ko\u0144ca)<\/td>\n<\/tr>\n<tr>\n<td width=\"111\">20. 01. 16.<\/p>\n<p>\u015aroda<\/td>\n<td width=\"132\">Kruszyn<\/p>\n<p>Kraje\u0144ski<\/td>\n<td width=\"472\">Bia\u0142ob\u0142ocka, Osikowa, Gerberowa, Osiedlowa, Grabowa, Jasieniecka(od ko\u0144ca), Jesionowa, Bukowa, Porzeczkowa<\/td>\n<\/tr>\n<tr>\n<td width=\"111\">21. 01. 16.<\/p>\n<p>Czwartek<\/td>\n<td width=\"132\">Kruszyn<\/p>\n<p>Kraje\u0144ski<\/td>\n<td width=\"472\">Le\u015bna(od ko\u0144ca), Sosnowa i Fio\u0142kowa<\/td>\n<\/tr>\n<tr>\n<td width=\"111\">22. 01. 16.<\/p>\n<p>Pi\u0105tek<\/td>\n<td width=\"132\">Kruszyn<\/p>\n<p>Kraje\u0144ski<\/td>\n<td width=\"472\">\u0141ochowska (od ko\u0144ca)<\/td>\n<\/tr>\n<tr>\n<td width=\"111\">23. 01. 15 Sobota<\/td>\n<td width=\"132\">Kruszyn Kraj. Lipniki<\/td>\n<td width=\"472\">Szosa Szubi\u0144ska, Tatarakowa, Us\u0142ugowa, Przemys\u0142owa, Kalinowa, Le\u015bna, Kolejowa,<\/td>\n<\/tr>\n<tr>\n<td width=\"111\">24. 01. 16.<\/p>\n<p>Niedziela<\/td>\n<td width=\"132\">Lipniki<\/td>\n<td width=\"472\">Ja\u015bminowa, Liliowa, Stawowa, Trzcinowa<\/td>\n<\/tr>\n<tr>\n<td width=\"111\">25.01. 16.<\/p>\n<p>Poniedz.<\/td>\n<td width=\"132\">Lipniki<\/td>\n<td width=\"472\">Wierzbowa(od ko\u0144ca)<\/td>\n<\/tr>\n<tr>\n<td width=\"111\">26. 01. 16.<\/p>\n<p>Wtorek<\/td>\n<td width=\"132\">Lipniki<\/td>\n<td width=\"472\">Truskawkowa, \u0141ubinowa, Malinowa, S\u0142onecznikowa, Owocowa<\/td>\n<\/tr>\n<tr>\n<td width=\"111\">27. 01. 16.<\/p>\n<p>\u015aroda<\/td>\n<td width=\"132\">Lipniki<\/td>\n<td width=\"472\">Akacjowa, Gajowa, \u017bonkilowa, Bratkowa, Narcyzowa<\/td>\n<\/tr>\n<tr>\n<td width=\"111\">28. 01. 16.<\/p>\n<p>Czwartek<\/td>\n<td width=\"132\">Lipniki\u00a0 i<\/p>\n<p>Bia\u0142e B\u0142ota<\/td>\n<td width=\"472\">Spokojna i Ogrodowa oraz Kolejowa i Sosnowa \u2013 nieparzyste (od ko\u0144ca)<\/td>\n<\/tr>\n<tr>\n<td width=\"111\">29. 01. 16.<\/p>\n<p>Pi\u0105tek<\/td>\n<td width=\"132\">Bia\u0142e B\u0142ota<\/td>\n<td width=\"472\">Sosnowa \u2013 parzyste (od ko\u0144ca)<\/td>\n<\/tr>\n<tr>\n<td width=\"111\">30. 01. 16.<\/p>\n<p>Sobota<\/td>\n<td width=\"132\"><\/td>\n<td width=\"472\">Kol\u0119da na zaproszenie<\/td>\n<\/tr>\n<\/tbody>\n<\/table>\n<p><u>\u00a0<\/u><\/p>\n<p><u>Kol\u0119d\u0119 rozpoczynamy: <\/u><\/p>\n<p>&#8211; w dni powszednie od godz. 16.00<\/p>\n<p>&#8211; w soboty od godz. 12.00<\/p>\n<p>&#8211; w niedziele i \u015bwi\u0119ta od godz. 14.00<\/p>\n<p><u>Msze \u015bw. <\/u><\/p>\n<p>&#8211; w dni powszednie o godz. 9.00<\/p>\n<p>&#8211; w soboty o godz. 9.00 i 18.00<\/p>\n<p>&#8211; w niedziele o godz. 9.00; 11.00; 13.00; 18.00<\/p>\n<p>&nbsp;<\/p>\n<p><u>Biuro parafialne<\/u><\/p>\n<p>&#8211; czynne zawsze po Mszy \u015bw.<\/p>\n<p>&nbsp;<\/p>\n<p>&nbsp;<\/p>\n<p>Szcz\u0119\u015b\u0107 Bo\u017ce!<\/p>\n<p>[\/et_pb_text][\/et_pb_column][et_pb_column type=&#8221;1_3&#8243;][\/et_pb_column][\/et_pb_row][\/et_pb_section]<\/p>\n","protected":false},"excerpt":{"rendered":"<p><div class=\"et_pb_section et_pb_section_0 et_section_regular\" >\n\t\t\t\t\n\t\t\t\t\n\t\t\t\t\n\t\t\t\t\n\t\t\t\t\n\t\t\t\t\n\t\t\t\t\n\t\t\t\t\n\t\t\t\t\n\t\t\t<\/div><div class=\"et_pb_row et_pb_row_0 et_pb_row_empty\">\n\t\t\t\t\n\t\t\t\t\n\t\t\t\t\n\t\t\t\t\n\t\t\t\t\n\t\t\t<\/div> \u00a0 PLAN ODWIEDZIN DUSZPASTERSKICH (2015\/2016) Parafia \u015aw. Rafa\u0142a Kalinowskiego w MUROWA\u0143CU \u00a0 Data \u00a0 \u00a0Miejscowo\u015b\u0107 \u00a0Ulice 28. 12. 15. Poniedz. Drzewce &nbsp; Drzewiecka \u2013 od ul. Ogrodowej, D\u0142uga, W\u0105ska i Rowiec 29. 12. 15. Wtorek Drzewce Drzewiecka (od ko\u0144ca) \u2013 do ul. Ogrodowej, Puszczyka, Dzia\u0142ki, Ogrodowa i , Altanowa 30. 12. 15. \u015aroda Murowaniec [&hellip;]<\/p>\n","protected":false},"author":3,"featured_media":0,"parent":0,"menu_order":0,"comment_status":"closed","ping_status":"closed","template":"","meta":{"_et_pb_use_builder":"on","_et_pb_old_content":"","_et_gb_content_width":"","footnotes":""},"class_list":["post-2148","page","type-page","status-publish","hentry"],"_links":{"self":[{"href":"https:\/\/parafia-murowaniec.pl\/index.php?rest_route=\/wp\/v2\/pages\/2148","targetHints":{"allow":["GET"]}}],"collection":[{"href":"https:\/\/parafia-murowaniec.pl\/index.php?rest_route=\/wp\/v2\/pages"}],"about":[{"href":"https:\/\/parafia-murowaniec.pl\/index.php?rest_route=\/wp\/v2\/types\/page"}],"author":[{"embeddable":true,"href":"https:\/\/parafia-murowaniec.pl\/index.php?rest_route=\/wp\/v2\/users\/3"}],"replies":[{"embeddable":true,"href":"https:\/\/parafia-murowaniec.pl\/index.php?rest_route=%2Fwp%2Fv2%2Fcomments&post=2148"}],"version-history":[{"count":6,"href":"https:\/\/parafia-murowaniec.pl\/index.php?rest_route=\/wp\/v2\/pages\/2148\/revisions"}],"predecessor-version":[{"id":2250,"href":"https:\/\/parafia-murowaniec.pl\/index.php?rest_route=\/wp\/v2\/pages\/2148\/revisions\/2250"}],"wp:attachment":[{"href":"https:\/\/parafia-murowaniec.pl\/index.php?rest_route=%2Fwp%2Fv2%2Fmedia&parent=2148"}],"curies":[{"name":"wp","href":"https:\/\/api.w.org\/{rel}","templated":true}]}}