{"id":298,"date":"2015-03-30T07:07:32","date_gmt":"2015-03-30T07:07:32","guid":{"rendered":"http:\/\/testowa-01.pl\/?page_id=298"},"modified":"2015-04-01T02:50:55","modified_gmt":"2015-04-01T02:50:55","slug":"galeria-2014","status":"publish","type":"page","link":"https:\/\/parafia-murowaniec.pl\/?page_id=298","title":{"rendered":"GALERIA 2014"},"content":{"rendered":"<p>[et_pb_section fullwidth=&#8221;on&#8221; specialty=&#8221;off&#8221; background_image=&#8221;http:\/\/testowa-01.pl\/wp-content\/uploads\/2015\/03\/SLIDER1.jpg&#8221; transparent_background=&#8221;off&#8221; background_color=&#8221;#ffffff&#8221; inner_shadow=&#8221;off&#8221; parallax=&#8221;off&#8221; parallax_method=&#8221;off&#8221;][et_pb_fullwidth_header admin_label=&#8221;Nag\u0142\u00f3wek pe\u0142nej szeroko\u015bci&#8221; title=&#8221;GALERIA 2014&#8243; background_layout=&#8221;dark&#8221; text_orientation=&#8221;left&#8221; \/][\/et_pb_section][et_pb_section][et_pb_row][et_pb_column type=&#8221;3_4&#8243;][et_pb_text admin_label=&#8221;Tekst&#8221; background_layout=&#8221;light&#8221; text_orientation=&#8221;left&#8221;]<\/p>\n<p>M\u0119ski Zesp\u00f3\u0142 Chora\u0142owy<\/p>\n<p>[\/et_pb_text][et_pb_gallery admin_label=&#8221;Galeria&#8221; gallery_ids=&#8221;353,354,355,356,357,358,359,360,361,362&#8243; fullwidth=&#8221;on&#8221; posts_number=&#8221;3&#8243; show_title_and_caption=&#8221;off&#8221; show_pagination=&#8221;off&#8221; background_layout=&#8221;light&#8221; \/][et_pb_text admin_label=&#8221;Tekst&#8221; background_layout=&#8221;light&#8221; text_orientation=&#8221;left&#8221;]<\/p>\n<p>Bal Charytatywny 2014<\/p>\n<p>[\/et_pb_text][et_pb_gallery admin_label=&#8221;Galeria&#8221; gallery_ids=&#8221;363,364,365,366,367,368,369,370,371,372,373,374,375,376,377,378,379,380,381,382,383,384,385,386,387,388,389,390,391,392,393,394,395,396,397,398,399,400,401,402,403,404,405,406,407,408,409,410,411,412,413,414,415,416,417,418,419,420,421,422,423,424,425,426,427,428,429,430,431,432,433,434,435,436,437,438,439,440&#8243; fullwidth=&#8221;on&#8221; posts_number=&#8221;3&#8243; show_title_and_caption=&#8221;off&#8221; show_pagination=&#8221;off&#8221; background_layout=&#8221;light&#8221; \/][et_pb_text admin_label=&#8221;Tekst&#8221; background_layout=&#8221;light&#8221; text_orientation=&#8221;left&#8221;]<\/p>\n<p>Droga Krzy\u017cowa\u00a02014<\/p>\n<p>[\/et_pb_text][et_pb_gallery admin_label=&#8221;Galeria&#8221; gallery_ids=&#8221;458,442,443,444,445,446,447,448,449,450,451,452,453,454,455,456,457&#8243; fullwidth=&#8221;on&#8221; posts_number=&#8221;3&#8243; show_title_and_caption=&#8221;on&#8221; show_pagination=&#8221;on&#8221; background_layout=&#8221;light&#8221; \/][et_pb_text admin_label=&#8221;Tekst&#8221; background_layout=&#8221;light&#8221; text_orientation=&#8221;left&#8221;]<\/p>\n<p>Niedziela Palmowa\u00a02014<\/p>\n<p>[\/et_pb_text][et_pb_gallery admin_label=&#8221;Galeria&#8221; gallery_ids=&#8221;459,460,461,462,463,464,465,466,467,468,469,470&#8243; fullwidth=&#8221;on&#8221; posts_number=&#8221;4&#8243; show_title_and_caption=&#8221;on&#8221; show_pagination=&#8221;on&#8221; background_layout=&#8221;light&#8221; \/][et_pb_text admin_label=&#8221;Tekst&#8221; background_layout=&#8221;light&#8221; text_orientation=&#8221;left&#8221;]<\/p>\n<p>Zwiedzanie placu budowy<\/p>\n<p>[\/et_pb_text][et_pb_gallery admin_label=&#8221;Galeria&#8221; gallery_ids=&#8221;471,472,473,474,475,476,477,478,479,480,481,482,483,484,485,486,487,488,489,490,491,492&#8243; fullwidth=&#8221;on&#8221; posts_number=&#8221;4&#8243; show_title_and_caption=&#8221;on&#8221; show_pagination=&#8221;on&#8221; background_layout=&#8221;light&#8221; \/][et_pb_text admin_label=&#8221;Tekst&#8221; background_layout=&#8221;light&#8221; text_orientation=&#8221;left&#8221;]<\/p>\n<p>Koncert Scholi Unus Pectus<\/p>\n<p>[\/et_pb_text][et_pb_gallery admin_label=&#8221;Galeria&#8221; gallery_ids=&#8221;544,545,546,547,548,549,550,551,552,553,554,555,556,557,558,559,560,561,562,563,564,565,566,567,568,569,570,571,572,573,574,575,576,577,578,579,580,581,582,583,584,585,586,587,588,589,590,591,592,593,594,595,596,597,598,599,600,601,602,603,604,605,606,607,608,609,610,611,612,613,614,615,616,617,618,619,620,621,622,623,624,625,626,627,628,629,630,631,632,633,634&#8243; fullwidth=&#8221;on&#8221; posts_number=&#8221;4&#8243; show_title_and_caption=&#8221;on&#8221; show_pagination=&#8221;on&#8221; background_layout=&#8221;light&#8221; \/][et_pb_text admin_label=&#8221;Tekst&#8221; background_layout=&#8221;light&#8221; text_orientation=&#8221;left&#8221;]<\/p>\n<p>Bo\u017ce Cia\u0142o 2014<\/p>\n<p>[\/et_pb_text][et_pb_gallery admin_label=&#8221;Galeria&#8221; gallery_ids=&#8221;730,731,732,733,734,735,736,737,738,739,740,741,742,743,744,745,746,747,748,749,750,751,752,753,754,755,756,757,758,759,760,761,762,763,764,765,766,767,768,769,770,771,772,773,774,775,776,777,778,779,780,781,782,783,784,785,786,787,788,789,790,791,792,793,794,795,796,797,798,799,800,801,802,803,804,805,806,807,808,809,810,811,812,813,814,815,816,817,818,819,820,821&#8243; fullwidth=&#8221;on&#8221; posts_number=&#8221;3&#8243; show_title_and_caption=&#8221;on&#8221; show_pagination=&#8221;on&#8221; background_layout=&#8221;light&#8221; \/][et_pb_text admin_label=&#8221;Tekst&#8221; background_layout=&#8221;light&#8221; text_orientation=&#8221;left&#8221;]<\/p>\n<p>Turniej w\u0119dkarski\u00a02014<\/p>\n<p>[\/et_pb_text][et_pb_gallery admin_label=&#8221;Galeria&#8221; gallery_ids=&#8221;822,823,824,825,826,827,828,829,830,831,832,833,834,835,836,837,838,839,840,841,842,843,844,845,846&#8243; fullwidth=&#8221;on&#8221; posts_number=&#8221;3&#8243; show_title_and_caption=&#8221;on&#8221; show_pagination=&#8221;on&#8221; background_layout=&#8221;light&#8221; \/][et_pb_text admin_label=&#8221;Tekst&#8221; background_layout=&#8221;light&#8221; text_orientation=&#8221;left&#8221;]<\/p>\n<p>Promocja Ministrant\u00f3w\u00a02014<\/p>\n<p>[\/et_pb_text][et_pb_gallery admin_label=&#8221;Galeria&#8221; gallery_ids=&#8221;847,848,849,850,851,852,853,854,855,856,857,858,859,860,861,862,863,864,865,866,867,868,869,870,871,872,873,874,875,876,877,878,879,880,881,882,883,884,885,886,887,888,889,890,891,892,893,894,895,896,897,898,899,900,901,902,903,904,905,906,907,908,909,910,911,912,913,914,915,916,917,918,919,920,921,922,923,924,925,926,927,928,929,930,931,932,933,934,935,936,937,938&#8243; fullwidth=&#8221;on&#8221; posts_number=&#8221;3&#8243; show_title_and_caption=&#8221;on&#8221; show_pagination=&#8221;on&#8221; background_layout=&#8221;light&#8221; \/][et_pb_text admin_label=&#8221;Tekst&#8221; background_layout=&#8221;light&#8221; text_orientation=&#8221;left&#8221;]<\/p>\n<p>Bierzmowanie\u00a02014<\/p>\n<p>[\/et_pb_text][et_pb_gallery admin_label=&#8221;Galeria&#8221; gallery_ids=&#8221;940,941,942,943,944,945,946,947,948,949,950,&#8221; fullwidth=&#8221;on&#8221; posts_number=&#8221;3&#8243; show_title_and_caption=&#8221;on&#8221; show_pagination=&#8221;on&#8221; background_layout=&#8221;light&#8221; \/][et_pb_text admin_label=&#8221;Tekst&#8221; background_layout=&#8221;light&#8221; text_orientation=&#8221;left&#8221;]<\/p>\n<p>Festyn Parafialny 2014<\/p>\n<p>[\/et_pb_text][et_pb_gallery admin_label=&#8221;Galeria&#8221; gallery_ids=&#8221;1024,1025,1026,1027,1028,1029,1030,1031,1032,1033,1034,1035,1036,1037,1038,1039,1040,1041,1042,1043,1044,1045,1046,1047,1048,1049,1050,1022,1021,1020,1019,1018,1013,1014,1015,1016,1017,1012,1011,1010,1009,1008,1007,1006,1005,1004,1003,998,999,1000,1001,1002,997,995,994,993,988,989,990,991,992,987,985,986,984,983,978,979,980,981,982,977,975,974,973,976,972,971,970,969,968,963,964,965,966,967,962,961,960,959,958,957,956,955,954,953&#8243; fullwidth=&#8221;on&#8221; posts_number=&#8221;3&#8243; show_title_and_caption=&#8221;on&#8221; show_pagination=&#8221;on&#8221; background_layout=&#8221;light&#8221; \/][\/et_pb_column][et_pb_column type=&#8221;1_4&#8243;][et_pb_sidebar admin_label=&#8221;Panel boczny&#8221; orientation=&#8221;right&#8221; area=&#8221;et_pb_widget_area_6&#8243; background_layout=&#8221;light&#8221; \/][\/et_pb_column][\/et_pb_row][\/et_pb_section]<\/p>\n","protected":false},"excerpt":{"rendered":"<p><div class=\"et_pb_section et_pb_section_0 et_section_regular\" >\n\t\t\t\t\n\t\t\t\t\n\t\t\t\t\n\t\t\t\t\n\t\t\t\t\n\t\t\t\t\n\t\t\t\t\n\t\t\t\t\n\t\t\t\t\n\t\t\t<\/div><div class=\"et_pb_row et_pb_row_0 et_pb_row_empty\">\n\t\t\t\t\n\t\t\t\t\n\t\t\t\t\n\t\t\t\t\n\t\t\t\t\n\t\t\t<\/div> M\u0119ski Zesp\u00f3\u0142 Chora\u0142owy Bal Charytatywny 2014 Droga Krzy\u017cowa\u00a02014 Niedziela Palmowa\u00a02014 Zwiedzanie placu budowy Koncert Scholi Unus Pectus Bo\u017ce Cia\u0142o 2014 Turniej w\u0119dkarski\u00a02014 Promocja Ministrant\u00f3w\u00a02014 Bierzmowanie\u00a02014 Festyn Parafialny 2014<\/p>\n","protected":false},"author":1,"featured_media":0,"parent":0,"menu_order":0,"comment_status":"closed","ping_status":"closed","template":"","meta":{"_et_pb_use_builder":"on","_et_pb_old_content":"","_et_gb_content_width":"","footnotes":""},"class_list":["post-298","page","type-page","status-publish","hentry"],"_links":{"self":[{"href":"https:\/\/parafia-murowaniec.pl\/index.php?rest_route=\/wp\/v2\/pages\/298","targetHints":{"allow":["GET"]}}],"collection":[{"href":"https:\/\/parafia-murowaniec.pl\/index.php?rest_route=\/wp\/v2\/pages"}],"about":[{"href":"https:\/\/parafia-murowaniec.pl\/index.php?rest_route=\/wp\/v2\/types\/page"}],"author":[{"embeddable":true,"href":"https:\/\/parafia-murowaniec.pl\/index.php?rest_route=\/wp\/v2\/users\/1"}],"replies":[{"embeddable":true,"href":"https:\/\/parafia-murowaniec.pl\/index.php?rest_route=%2Fwp%2Fv2%2Fcomments&post=298"}],"version-history":[{"count":15,"href":"https:\/\/parafia-murowaniec.pl\/index.php?rest_route=\/wp\/v2\/pages\/298\/revisions"}],"predecessor-version":[{"id":1071,"href":"https:\/\/parafia-murowaniec.pl\/index.php?rest_route=\/wp\/v2\/pages\/298\/revisions\/1071"}],"wp:attachment":[{"href":"https:\/\/parafia-murowaniec.pl\/index.php?rest_route=%2Fwp%2Fv2%2Fmedia&parent=298"}],"curies":[{"name":"wp","href":"https:\/\/api.w.org\/{rel}","templated":true}]}}